{"id":101,"date":"2015-02-10T15:47:32","date_gmt":"2015-02-10T14:47:32","guid":{"rendered":"https:\/\/ecole-stjoseph-saffre.fr\/?page_id=101"},"modified":"2024-01-28T21:11:33","modified_gmt":"2024-01-28T20:11:33","slug":"le-conseil","status":"publish","type":"page","link":"https:\/\/ecole-stjoseph-saffre.fr\/?page_id=101","title":{"rendered":"Le conseil"},"content":{"rendered":"<h2><span style=\"font-weight: 400;\">Le Conseil d\u2019Administration<\/span><\/h2>\n<h3><span style=\"font-weight: 400;\">Pour l\u2019ann\u00e9e 2024 les membres du bureau sont :<\/span><\/h3>\n<p><span style=\"font-weight: 400;\"><strong>\u00e0 la Pr\u00e9sidence<\/strong> : Aur\u00e9lien MATHELIER<\/span><\/p>\n<p><span style=\"font-weight: 400;\"><strong>au Secr\u00e9tariat<\/strong> : Amandine SMAGGHE<\/span><\/p>\n<p><span style=\"font-weight: 400;\"><strong>Secr\u00e9taire adjointe<\/strong>&nbsp;: Sophie BELLANGER<\/span><\/p>\n<p><span style=\"font-weight: 400;\"><strong>Secr\u00e9taire adjointe (RH et volet social)<\/strong> : Honorine BRANCHEREAU<\/span><\/p>\n<p><span style=\"font-weight: 400;\"><strong>\u00e0 la Tr\u00e9sorerie<\/strong> : Ericka LOQUET<\/span><\/p>\n<p><span style=\"font-weight: 400;\"><strong>Tr\u00e9sori\u00e8res adjointes<\/strong> :&nbsp; Estelle ROIRAND et Alexandra FOURRAGE (D\u00e9l\u00e9gu\u00e9es gestion courante) et Claire COGREL (D\u00e9l\u00e9gu\u00e9e aux contributions)<\/span><\/p>\n<p>&nbsp;<\/p>\n<h3><span style=\"font-weight: 400;\">Les membres du conseil d\u2019administration sont :<\/span><\/h3>\n<p><span style=\"font-weight: 400;\">Trombinoscope des membres du conseil : <\/span><\/p>\n<p><a href=\"https:\/\/ecole-stjoseph-saffre.fr\/wp-content\/uploads\/2024\/01\/Trombinoscope-OGEC.jpg\"><img loading=\"lazy\" decoding=\"async\" class=\"aligncenter size-medium wp-image-8820\" src=\"https:\/\/ecole-stjoseph-saffre.fr\/wp-content\/uploads\/2024\/01\/Trombinoscope-OGEC-212x300.jpg\" alt=\"\" width=\"212\" height=\"300\" srcset=\"https:\/\/ecole-stjoseph-saffre.fr\/wp-content\/uploads\/2024\/01\/Trombinoscope-OGEC-212x300.jpg 212w, https:\/\/ecole-stjoseph-saffre.fr\/wp-content\/uploads\/2024\/01\/Trombinoscope-OGEC-724x1024.jpg 724w, https:\/\/ecole-stjoseph-saffre.fr\/wp-content\/uploads\/2024\/01\/Trombinoscope-OGEC-768x1086.jpg 768w, https:\/\/ecole-stjoseph-saffre.fr\/wp-content\/uploads\/2024\/01\/Trombinoscope-OGEC-1086x1536.jpg 1086w, https:\/\/ecole-stjoseph-saffre.fr\/wp-content\/uploads\/2024\/01\/Trombinoscope-OGEC-1448x2048.jpg 1448w, https:\/\/ecole-stjoseph-saffre.fr\/wp-content\/uploads\/2024\/01\/Trombinoscope-OGEC-1024x1449.jpg 1024w, https:\/\/ecole-stjoseph-saffre.fr\/wp-content\/uploads\/2024\/01\/Trombinoscope-OGEC-763x1080.jpg 763w, https:\/\/ecole-stjoseph-saffre.fr\/wp-content\/uploads\/2024\/01\/Trombinoscope-OGEC.jpg 1587w\" sizes=\"(max-width: 212px) 100vw, 212px\" \/><\/a><\/p>\n<p><span style=\"font-weight: 400;\"><strong>Chef d\u2019\u00e9tablissement<\/strong> : M. Mathieu LE REGENT<\/span><\/p>\n<p>&nbsp;<\/p>\n<h3>Les membres OGEC<\/h3>\n<p><span style=\"font-weight: 400;\">Les membres OGEC quant \u00e0 eux, s\u2019ils ne participent pas aux conseils d\u2019administration, sont invit\u00e9s \u00e0 prendre part aux votes lors de l\u2019AG. Tout parent peut prendre son adh\u00e9sion \u00e0 n\u2019importe quel moment de l\u2019ann\u00e9e et de la scolarit\u00e9 de son ou ses enfants.<\/span><\/p>\n<p><span style=\"font-weight: 400;\">Voici le bulletin d\u2019adh\u00e9sion. <\/span><iframe src=\"\/\/docs.google.com\/viewer?url=https%3A%2F%2Fecole-stjoseph-saffre.fr%2Fwp-content%2Fuploads%2F2023%2F06%2FAdhesion-Membre-Actif.docx&hl=fr&embedded=true\" class=\"gde-frame\" style=\"width:100%; height:500px; border: none;\" scrolling=\"no\"><\/iframe>\n<p class=\"gde-text\"><a href=\"https:\/\/ecole-stjoseph-saffre.fr\/wp-content\/uploads\/2023\/06\/Adhesion-Membre-Actif.docx\" class=\"gde-link\">T\u00e9l\u00e9charger (DOCX, 38KB)<\/a><\/p><\/p>\n<p><!-- \/wp:tadv\/classic-paragraph --><\/p>\n","protected":false},"excerpt":{"rendered":"<p>Le Conseil d\u2019Administration Pour l\u2019ann\u00e9e 2024 les membres du bureau sont : \u00e0 la Pr\u00e9sidence : Aur\u00e9lien MATHELIER au Secr\u00e9tariat : Amandine SMAGGHE Secr\u00e9taire adjointe&nbsp;: Sophie BELLANGER Secr\u00e9taire adjointe (RH et volet social) : Honorine BRANCHEREAU \u00e0 la Tr\u00e9sorerie : Ericka LOQUET Tr\u00e9sori\u00e8res adjointes :&nbsp; Estelle ROIRAND et Alexandra FOURRAGE (D\u00e9l\u00e9gu\u00e9es gestion courante) et Claire&hellip; <br \/> <a class=\"read-more\" href=\"https:\/\/ecole-stjoseph-saffre.fr\/?page_id=101\">Lire la suite<\/a><\/p>\n","protected":false},"author":1,"featured_media":0,"parent":0,"menu_order":0,"comment_status":"closed","ping_status":"closed","template":"","meta":{"ngg_post_thumbnail":0,"footnotes":""},"_links":{"self":[{"href":"https:\/\/ecole-stjoseph-saffre.fr\/index.php?rest_route=\/wp\/v2\/pages\/101"}],"collection":[{"href":"https:\/\/ecole-stjoseph-saffre.fr\/index.php?rest_route=\/wp\/v2\/pages"}],"about":[{"href":"https:\/\/ecole-stjoseph-saffre.fr\/index.php?rest_route=\/wp\/v2\/types\/page"}],"author":[{"embeddable":true,"href":"https:\/\/ecole-stjoseph-saffre.fr\/index.php?rest_route=\/wp\/v2\/users\/1"}],"replies":[{"embeddable":true,"href":"https:\/\/ecole-stjoseph-saffre.fr\/index.php?rest_route=%2Fwp%2Fv2%2Fcomments&post=101"}],"version-history":[{"count":13,"href":"https:\/\/ecole-stjoseph-saffre.fr\/index.php?rest_route=\/wp\/v2\/pages\/101\/revisions"}],"predecessor-version":[{"id":8821,"href":"https:\/\/ecole-stjoseph-saffre.fr\/index.php?rest_route=\/wp\/v2\/pages\/101\/revisions\/8821"}],"wp:attachment":[{"href":"https:\/\/ecole-stjoseph-saffre.fr\/index.php?rest_route=%2Fwp%2Fv2%2Fmedia&parent=101"}],"curies":[{"name":"wp","href":"https:\/\/api.w.org\/{rel}","templated":true}]}}